{"id":85,"date":"2008-07-26T17:16:54","date_gmt":"2008-07-26T16:16:54","guid":{"rendered":"http:\/\/blog.milamberspace.net\/?page_id=85"},"modified":"2018-05-20T08:51:00","modified_gmt":"2018-05-20T08:51:00","slug":"jmeter-pages","status":"publish","type":"page","link":"https:\/\/blog.milamberspace.net\/index.php\/jmeter-pages","title":{"rendered":"Tutoriels JMeter"},"content":{"rendered":"<p style=\"text-align: center;\"><a href=\"http:\/\/blog.milamberspace.net\/wp-content\/uploads\/2016\/05\/jmeter.png\"><img loading=\"lazy\" decoding=\"async\" class=\"aligncenter wp-image-1479\" src=\"http:\/\/blog.milamberspace.net\/wp-content\/uploads\/2016\/05\/jmeter.png\" alt=\"Logo JMeter\" width=\"321\" height=\"109\" \/><\/a><\/p>\n<p>Voici une page de r\u00e9sum\u00e9 des articles ou billets sur mon blog au sujet de Apache JMeter.<em><br \/>\n<\/em><\/p>\n<p><a href=\"http:\/\/blog.milamberspace.net\/index.php\/presentation-de-apache-jmeter\">Pr\u00e9sentation de JMeter<\/a><\/p>\n<p>et aussi : <a href=\"http:\/\/blog.milamberspace.net\/index.php\/2009\/11\/29\/retour-dans-le-passe-voici-les-differentes-versions-de-jmeter-543.html\">Retour dans le pass\u00e9, voici les diff\u00e9rentes versions de JMeter<\/a><\/p>\n<h2><strong>D\u00e9buter avec JMeter<br \/>\n<\/strong><\/h2>\n<p><a href=\"http:\/\/blog.milamberspace.net\/index.php\/jmeter-test-de-charges-dun-site-web-mode-demploi\">Faire son premier test de charge<\/a><\/p>\n<ol>\n<li><a href=\"http:\/\/blog.milamberspace.net\/index.php\/jmeter-test-de-charges-dun-site-web-mode-demploi\/jmeter-preparer-son-scenario-fonctionnel\">Pr\u00e9parer son sc\u00e9nario fonctionnel<\/a><\/li>\n<li><a href=\"http:\/\/blog.milamberspace.net\/index.php\/jmeter-test-de-charges-dun-site-web-mode-demploi\/jmeteriser-son-scenario-fonctionnel\">\u201cJmeteriser\u201d son sc\u00e9nario fonctionnel<\/a><\/li>\n<li><a href=\"http:\/\/blog.milamberspace.net\/index.php\/jmeter-test-de-charges-dun-site-web-mode-demploi\/affinage-du-scenario-de-tests\">Affinage du sc\u00e9nario de tests<\/a><\/li>\n<li><a href=\"http:\/\/blog.milamberspace.net\/index.php\/jmeter-test-de-charges-dun-site-web-mode-demploi\/executer-son-scenario-de-tir-de-charges\">Ex\u00e9cuter son sc\u00e9nario de tir de charge<\/a><\/li>\n<\/ol>\n<p><a href=\"http:\/\/blog.milamberspace.net\/index.php\/2010\/12\/01\/jmeter-sauvegarder-dans-un-fichier-votre-session-de-navigation-lors-de-lenregistrement-de-vos-scenarios-fonctionnels-778.html\">Sauvegarder dans un fichier votre session de navigation lors de l\u2019enregistrement de vos sc\u00e9narios fonctionnels<\/a><\/p>\n<h2>Dynamiser son sc\u00e9nario dans JMeter<\/h2>\n<ol>\n<li><a href=\"http:\/\/blog.milamberspace.net\/index.php\/jmeter-variabilisation-de-donnees\">Voir la variabilisation de donn\u00e9es avec JMeter<\/a><\/li>\n<li><a title=\"Lien permanent vers JMeter - Fixer la dur\u00e9e de r\u00e9p\u00e9tition d\u2019une requ\u00eate\" href=\"http:\/\/blog.milamberspace.net\/index.php\/2008\/08\/15\/jmeter-fixer-la-duree-de-repetition-dune-requete-87.html\" rel=\"bookmark\">Fixer la dur\u00e9e de r\u00e9p\u00e9tition d\u2019une requ\u00eate<\/a><\/li>\n<li><a href=\"http:\/\/blog.milamberspace.net\/index.php\/2009\/02\/08\/jmeter-think-time-et-ordre-dexecution-les-bons-plans-212.html\">Think time et ordre d\u2019ex\u00e9cution, \u00ab les bons plans \u00bb<\/a><\/li>\n<li><a href=\"http:\/\/blog.milamberspace.net\/index.php\/2010\/12\/18\/jmeter-le-testeur-dexpression-reguliere-784.html\">Le testeur d\u2019expression r\u00e9guli\u00e8re<\/a><\/li>\n<li><a href=\"http:\/\/blog.milamberspace.net\/index.php\/2009\/12\/31\/quelques-cas-dutilisation-de-lextracteur-dexpression-reguliere-dans-jmeter-554.html\">Quelques cas d\u2019utilisation de l\u2019extracteur d\u2019expression r\u00e9guli\u00e8re dans JMeter<\/a><\/li>\n<\/ol>\n<h2>Aller plus loin<\/h2>\n<ol>\n<li><a href=\"http:\/\/blog.milamberspace.net\/index.php\/2008\/12\/16\/enregistrer-un-scenario-jmeter-dun-site-en-https-via-le-proxy-http-108.html\">Enregistrer un sc\u00e9nario Jmeter d\u2019un site en HTTPS via le proxy HTTP<\/a><\/li>\n<li><a title=\"JMeter \u2013 Sc\u00e9nario de test d\u2019un webservice SOAP\" href=\"http:\/\/blog.milamberspace.net\/index.php\/jmeter-pages\/jmeter-scenario-de-test-dun-webservice-soap\">Sc\u00e9nario de test d\u2019un webservice SOAP<\/a><\/li>\n<li><a href=\"http:\/\/blog.milamberspace.net\/index.php\/jmeter-site-avec-authentification-par-certificat-ssl\">Avec JMeter, acc\u00e9der \u00e0 une site avec authentification par certificat SSL<\/a><\/li>\n<li><a title=\"JMeter \u2013 Composant HTML Link Parser\" href=\"http:\/\/blog.milamberspace.net\/index.php\/jmeter-pages\/jmeter-composant-html-link-parser\">L&rsquo;\u00e9l\u00e9ment HTML Link Parser en d\u00e9tail, pour la simplification de la dynamisation d&rsquo;un sc\u00e9nario<\/a><\/li>\n<li><a href=\"http:\/\/blog.milamberspace.net\/index.php\/2009\/03\/08\/jmeter-trouver-le-bon-element-dans-une-liste-avec-les-expressions-regulieres-et-en-mode-ligne-unique-227.html\">Trouver le bon \u00e9l\u00e9ment dans une liste avec les expressions r\u00e9guli\u00e8res et en mode ligne unique<\/a><\/li>\n<li><a href=\"http:\/\/blog.milamberspace.net\/index.php\/2009\/07\/19\/jmeter-attention-a-suivre-ou-non-les-redirections-http-code-302-463.html\">JMeter : attention \u00e0 suivre ou non les redirections HTTP (code 302)<\/a><\/li>\n<li><a href=\"http:\/\/blog.milamberspace.net\/index.php\/2009\/11\/15\/envoyer-en-ligne-de-commande-des-parametres-a-votre-scenario-jmeter-534.html\">Envoyer en ligne de commande des param\u00e8tres \u00e0 votre sc\u00e9nario JMeter<\/a><\/li>\n<li><a href=\"http:\/\/blog.milamberspace.net\/index.php\/2009\/12\/03\/changer-ladresse-ip-source-dune-requete-http-lors-dun-test-avec-jmeter-549.html\">Changer l&rsquo;adresse IP source d&rsquo;une requ\u00eate HTTP lors d&rsquo;un test avec JMeter<\/a><\/li>\n<li><a title=\"JMeter : D\u00e9terminer automatiquement le chemin d\u2019un fichier Source de donn\u00e9es CSV en fonction de son syst\u00e8me d\u2019exploitation\" href=\"http:\/\/blog.milamberspace.net\/index.php\/2011\/11\/12\/jmeter-determiner-automatiquement-le-chemin-dun-fichier-source-de-donnees-csv-en-fonction-de-son-systeme-dexploitation-1009.html\">D\u00e9terminer automatiquement le chemin d\u2019un fichier Source de donn\u00e9es CSV en fonction de son syst\u00e8me d\u2019exploitation<\/a><\/li>\n<li><a title=\"Mini tutoriel JMeter : Enregistrer le champ Commentaires des \u00e9l\u00e9ments de test dans le fichier de r\u00e9sultats\" href=\"http:\/\/blog.milamberspace.net\/index.php\/2013\/05\/27\/mini-tutoriel-jmeter-enregistrer-le-champ-commentaires-des-elements-de-test-dans-le-fichier-de-resultats-1318.html\">Enregistrer le champ Commentaires des \u00e9l\u00e9ments de test dans le fichier de r\u00e9sultats<\/a><\/li>\n<\/ol>\n<h2>Tests de charge<\/h2>\n<p><a href=\"http:\/\/blog.milamberspace.net\/index.php\/jmeter-tir-de-charges-par-paliers-et-exploitation-des-resultats\">Faire un tir de charge par paliers et exploiter les r\u00e9sultats<\/a><\/p>\n<ul>\n<li><a href=\"http:\/\/blog.milamberspace.net\/index.php\/jmeter-tir-de-charges-par-paliers-et-exploitation-des-resultats\/identification-scenario-et-preparation-des-paliers\">Identification sc\u00e9nario et pr\u00e9paration des paliers<\/a><\/li>\n<li><a href=\"http:\/\/blog.milamberspace.net\/index.php\/jmeter-tir-de-charges-par-paliers-et-exploitation-des-resultats\/personnalisation-enregistrement-du-scenario-et-mise-en-place-des-paliers\">Personnalisation, Enregistrement du sc\u00e9nario et mise en place des paliers<\/a><\/li>\n<li><a href=\"http:\/\/blog.milamberspace.net\/index.php\/jmeter-tir-de-charges-par-paliers-et-exploitation-des-resultats\/execution-du-tir-de-charges-par-paliers\">Ex\u00e9cution du tir de charge par paliers<\/a><\/li>\n<li><a href=\"http:\/\/blog.milamberspace.net\/index.php\/jmeter-tir-de-charges-par-paliers-et-exploitation-des-resultats\/insertion-des-resultats-dans-access-2007-et-generation-dun-graphique\">Insertion des r\u00e9sultats dans Access 2007 et g\u00e9n\u00e9ration d\u2019un graphique<\/a><\/li>\n<\/ul>\n<p><a title=\"Test distribu\u00e9\" href=\"http:\/\/blog.milamberspace.net\/index.php\/jmeter-test-de-charges-a-distance-distributed-testing\" target=\"_self\">Test de charge \u00e0 distance (remote testing)<\/a><\/p>\n<h3>JMeter : le mode non-gui<\/h3>\n<ul>\n<li><a href=\"http:\/\/blog.milamberspace.net\/index.php\/2009\/02\/01\/jmeter-pourquoi-executer-son-test-de-charges-en-mode-non-gui-sans-interface-graphique-192.html\">Pourquoi ex\u00e9cuter son test de charge en mode non-gui (sans interface graphique) ?<\/a><\/li>\n<li><a href=\"http:\/\/blog.milamberspace.net\/index.php\/2009\/02\/01\/jmeter-suivre-un-tir-de-charge-en-mode-non-gui-avec-le-resume-statistique-200.html\">Suivre un tir de charge en mode non-gui avec le r\u00e9sum\u00e9 statistique<\/a><\/li>\n<\/ul>\n<p><a href=\"http:\/\/blog.milamberspace.net\/index.php\/2009\/03\/26\/jmeter-faire-un-test-distribue-avec-des-injecteurs-a-deux-cartes-reseaux-247.html\">Faire un test distribu\u00e9 avec des injecteurs \u00e0 deux cartes r\u00e9seaux<\/a><\/p>\n<p><a title=\"Les 10 choses \u00e0 v\u00e9rifier avant de lancer son test de charge avec JMeter\" href=\"http:\/\/blog.milamberspace.net\/index.php\/2013\/08\/02\/les-10-choses-a-verifier-avant-de-lancer-son-test-de-charge-avec-jmeter-1340.html\">Les 10 choses \u00e0 v\u00e9rifier avant de lancer son test de charge avec JMeter<\/a><\/p>\n<h2>Visualiser ses r\u00e9sultats<\/h2>\n<p>JMeter dispose nativement de nombreux r\u00e9cepteurs pour la visualisation des r\u00e9sultats (cf <a title=\"Pr\u00e9sentation de JMeter\" href=\"http:\/\/blog.milamberspace.net\/index.php\/jmeter-pages\/presentation-de-apache-jmeter\">pr\u00e9sentation<\/a>), mais il est \u00e9galement possible d&rsquo;utiliser un logiciel tiers pour voir \/ analyser ses r\u00e9sultats sous des angles personnalis\u00e9s.<\/p>\n<p><a href=\"http:\/\/blog.milamberspace.net\/index.php\/jmeter-generation-de-graphiques-de-resultats-avec-openofficeorg-calc\">G\u00e9n\u00e9ration de graphiques de r\u00e9sultats avec OpenOffice.org Calc<\/a><\/p>\n<ul>\n<li><a href=\"http:\/\/blog.milamberspace.net\/index.php\/jmeter-generation-de-graphiques-de-resultats-avec-openofficeorg-calc\/jmeter-graphique-avec-openofficeorg-calc-partie-1\">Graphique avec OpenOffice.org Calc (partie 1)<\/a><\/li>\n<li><a href=\"http:\/\/blog.milamberspace.net\/index.php\/jmeter-generation-de-graphiques-de-resultats-avec-openofficeorg-calc\/jmeter-graphique-avec-openofficeorg-calc-partie-2-pour-aller-plus-loin\">Graphique avec OpenOffice.org Calc (partie 2 : pour aller plus loin)<\/a><\/li>\n<\/ul>\n<p><a href=\"http:\/\/blog.milamberspace.net\/index.php\/2008\/10\/26\/faire-des-graphiques-de-resultats-jmeter-avec-gnuplot-100.html\" target=\"_self\">Faire des graphiques de r\u00e9sultats JMeter avec Gnuplot<\/a><\/p>\n<p><a href=\"http:\/\/blog.milamberspace.net\/index.php\/2009\/05\/02\/jmeter-utiliser-sqlite-pour-traiter-les-resultats-dun-test-de-charges-par-palier-281.html\" target=\"_self\">Utiliser SQLite pour traiter les r\u00e9sultats d\u2019un test de charge par palier<\/a><\/p>\n<h2>Faire du scripting dans JMeter<\/h2>\n<ol>\n<li><a href=\"http:\/\/blog.milamberspace.net\/index.php\/2009\/03\/13\/jmeter-exemple-de-script-beanshell-pour-enregistrer-des-donnees-dans-un-fichier-241.html\">Exemple de script BeanShell pour enregistrer des donn\u00e9es dans un fichier (version 2009)<\/a><\/li>\n<li><a href=\"http:\/\/blog.milamberspace.net\/index.php\/2016\/08\/30\/jmeter-exemple-de-script-java-dans-un-element-post-processeur-jsr223-pour-enregistrer-des-donnees-dans-un-fichier-1485.html\">Exemple de script Java dans un \u00e9l\u00e9ment Post-Processeur JSR223 pour enregistrer des donn\u00e9es dans un fichier (version 2016)<\/a><\/li>\n<li><a title=\"JMeter et Groovy\u00a0: exemple d\u2019\u00e9chantillon BSF\/Groovy\" href=\"http:\/\/blog.milamberspace.net\/index.php\/2011\/03\/11\/jmeter-et-groovy-exemple-d-echantillon-bsf-groovy-834.html\">JMeter et Groovy : exemple d\u2019\u00e9chantillon BSF\/Groovy<\/a><\/li>\n<li><a title=\"JMeter et Groovy\u00a0: avoir des requ\u00eates HTTP concurrentes\" href=\"http:\/\/blog.milamberspace.net\/index.php\/2011\/03\/19\/jmeter-et-groovy-avoir-des-requetes-http-concurrentes-863.html\">JMeter et Groovy : avoir des requ\u00eates HTTP concurrentes<\/a><\/li>\n<\/ol>\n<h2>JMeter &amp; les bases de donn\u00e9es via JDBC<\/h2>\n<p>Utilisation de l\u2019\u00e9l\u00e9ment JDBC comme source de donn\u00e9es pour un test de charge : <a href=\"http:\/\/blog.milamberspace.net\/index.php\/2009\/06\/12\/jmeter-utilisation-de-lelement-jdbc-comme-source-de-donnees-pour-un-test-de-charge-partie-1-311.html\">partie 1<\/a> et <a href=\"http:\/\/blog.milamberspace.net\/index.php\/2009\/06\/13\/jmeter-utilisation-de-lelement-jdbc-comme-source-de-donnees-pour-un-test-de-charge-partie-2-317.html\">partie 2<\/a><\/p>\n<h2>JMeter &amp; un annuaire LDAP (openldap)<\/h2>\n<p><a href=\"http:\/\/blog.milamberspace.net\/index.php\/2009\/07\/30\/charger-un-serveur-ldap-depuis-une-base-de-donnees-avec-jmeter-468.html\">Charger un serveur LDAP depuis une base de donn\u00e9es avec JMeter<\/a><\/p>\n<p><a href=\"http:\/\/blog.milamberspace.net\/index.php\/2009\/08\/21\/convertir-les-mots-de-passe-en-clair-en-mots-de-passe-sha-1-dans-un-serveur-ldap-avec-jmeter-494.html\">Convertir les mots de passe en clair en mots de passe SHA-1 dans un serveur LDAP avec JMeter<\/a><\/p>\n<h2>JMeter &amp; JMS (messagerie orient\u00e9e messages)<\/h2>\n<p><a href=\"http:\/\/blog.milamberspace.net\/index.php\/2010\/09\/11\/jmeter-petit-test-jms-point-a-point-avec-activemq-737.html\">Petit test JMS Point \u00e0 point avec ActiveMQ<\/a><\/p>\n<p><a href=\"http:\/\/blog.milamberspace.net\/index.php\/2011\/01\/05\/jmeter-petit-test-jms-publication-abonnement-avec-activemq-799.html\">Petit test JMS Publication \u2013 Abonnement avec ActiveMQ<\/a><\/p>\n<h2>JMeter &amp; le service SMTP<\/h2>\n<p><a title=\"Envoyer un email avec JMeter via son \u00e9l\u00e9ment Requ\u00eate SMTP\" href=\"http:\/\/blog.milamberspace.net\/index.php\/2011\/07\/03\/envoyer-un-email-avec-jmeter-via-son-element-requete-smtp-924.html\">Envoyer un email avec JMeter via son \u00e9l\u00e9ment Requ\u00eate SMTP<\/a><\/p>\n<h2>JMeter &amp; l&rsquo;int\u00e9gration continue<\/h2>\n<p><a title=\"Int\u00e9gration d\u2019un test JMeter dans Hudson avec le plugin Hudson Performance\" href=\"http:\/\/blog.milamberspace.net\/index.php\/2011\/04\/27\/integration-dun-test-jmeter-dans-hudson-avec-le-plugin-hudson-performance-879.html\">Int\u00e9gration d\u2019un test JMeter dans Hudson avec le plugin Hudson Performance<\/a><\/p>\n<h2>D\u00e9veloppement de JMeter<\/h2>\n<p><a title=\"Installation du r\u00e9f\u00e9rentiel SVN du projet JMeter dans Eclipse et configuration pour le lancement de JMeter\" href=\"http:\/\/blog.milamberspace.net\/index.php\/2013\/04\/14\/installation-du-referentiel-svn-du-projet-jmeter-dans-eclipse-et-configuration-pour-le-lancement-de-jmeter-1281.html\">Installation du r\u00e9f\u00e9rentiel SVN du projet JMeter dans Eclipse et configuration pour le lancement de JMeter<\/a><\/p>\n<h2>Divers<\/h2>\n<p><a href=\"http:\/\/blog.milamberspace.net\/index.php\/notes-techniques\/notes-jmeter\">Notes sur JMeter<\/a> (sorte de FAQ et de retours d&rsquo;exp\u00e9riences)<\/p>\n<p>&nbsp;<\/p>\n<p>&#8230;<\/p>\n<p><strong>Ci-dessous, un groupe de discussion en Fran\u00e7ais sur JMeter :<\/strong><\/p>\n<table style=\"background-color: #fff; padding: 5px;\" border=\"0\" cellspacing=\"0\">\n<tbody>\n<tr>\n<td><img loading=\"lazy\" decoding=\"async\" src=\"http:\/\/groups.google.com\/groups\/img\/3nb\/groups_bar_fr.gif\" alt=\"Google Groupes\" width=\"132\" height=\"26\" \/><\/td>\n<\/tr>\n<tr>\n<td style=\"padding-left: 5px;\"><strong>Abonnement au groupe JMeter en fran\u00e7ais<\/strong><\/td>\n<\/tr>\n<tr>\n<td style=\"padding-left: 5px;\">E-mail :<input name=\"email\" type=\"text\" \/> <input name=\"sub\" type=\"submit\" value=\"Abonnement\" \/><\/td>\n<\/tr>\n<tr>\n<td align=\"right\"><a href=\"http:\/\/groups.google.com\/group\/jmeter-fr?hl=fr\">Visiter ce groupe<\/a><\/td>\n<\/tr>\n<\/tbody>\n<\/table>\n","protected":false},"excerpt":{"rendered":"<p>Voici une page de r\u00e9sum\u00e9 des articles ou billets sur mon blog au sujet de Apache JMeter. Pr\u00e9sentation de JMeter et aussi : Retour dans le pass\u00e9, voici les diff\u00e9rentes versions de JMeter D\u00e9buter avec JMeter Faire son premier test de charge Pr\u00e9parer son sc\u00e9nario fonctionnel \u201cJmeteriser\u201d son sc\u00e9nario fonctionnel Affinage du sc\u00e9nario de tests &hellip; <a href=\"https:\/\/blog.milamberspace.net\/index.php\/jmeter-pages\" class=\"more-link\">Continuer la lecture de <span class=\"screen-reader-text\">Tutoriels JMeter<\/span><\/a><\/p>\n","protected":false},"author":1,"featured_media":0,"parent":0,"menu_order":0,"comment_status":"closed","ping_status":"closed","template":"","meta":{"footnotes":""},"class_list":["post-85","page","type-page","status-publish","hentry"],"_links":{"self":[{"href":"https:\/\/blog.milamberspace.net\/index.php\/wp-json\/wp\/v2\/pages\/85","targetHints":{"allow":["GET"]}}],"collection":[{"href":"https:\/\/blog.milamberspace.net\/index.php\/wp-json\/wp\/v2\/pages"}],"about":[{"href":"https:\/\/blog.milamberspace.net\/index.php\/wp-json\/wp\/v2\/types\/page"}],"author":[{"embeddable":true,"href":"https:\/\/blog.milamberspace.net\/index.php\/wp-json\/wp\/v2\/users\/1"}],"replies":[{"embeddable":true,"href":"https:\/\/blog.milamberspace.net\/index.php\/wp-json\/wp\/v2\/comments?post=85"}],"version-history":[{"count":48,"href":"https:\/\/blog.milamberspace.net\/index.php\/wp-json\/wp\/v2\/pages\/85\/revisions"}],"predecessor-version":[{"id":1539,"href":"https:\/\/blog.milamberspace.net\/index.php\/wp-json\/wp\/v2\/pages\/85\/revisions\/1539"}],"wp:attachment":[{"href":"https:\/\/blog.milamberspace.net\/index.php\/wp-json\/wp\/v2\/media?parent=85"}],"curies":[{"name":"wp","href":"https:\/\/api.w.org\/{rel}","templated":true}]}}