{"id":48,"date":"2007-11-07T00:12:55","date_gmt":"2007-11-07T00:12:55","guid":{"rendered":"http:\/\/blog.milamberspace.net\/index.php\/jmeter-tir-de-charges-par-paliers-et-exploitation-des-resultats\/execution-du-tir-de-charges-par-paliers"},"modified":"2012-09-28T07:01:21","modified_gmt":"2012-09-28T06:01:21","slug":"execution-du-tir-de-charges-par-paliers","status":"publish","type":"page","link":"https:\/\/blog.milamberspace.net\/index.php\/jmeter-pages\/jmeter-tir-de-charges-par-paliers-et-exploitation-des-resultats\/execution-du-tir-de-charges-par-paliers","title":{"rendered":"Ex\u00e9cution du tir de charges par paliers"},"content":{"rendered":"<p>Maintenant que <a href=\"http:\/\/blog.milamberspace.net\/index.php\/jmeter-tir-de-charges-par-paliers-et-exploitation-des-resultats\/personnalisation-enregistrement-du-scenario-et-mise-en-place-des-paliers\">le sc\u00e9nario est \u00ab\u00a0JMeteris\u00e9\u00a0\u00bb<\/a>, il est temps de passer \u00e0 l&rsquo;ex\u00e9cution du tir de charges.<\/p>\n<p><strong>Etape 6 : Ex\u00e9cution du tir de charges<\/strong><\/p>\n<p>Donc maintenant, c&rsquo;est le moment de lancer le tir de charges. Une fois lanc\u00e9, en se pla\u00e7ant sur l&rsquo;item <strong>Summary Report<\/strong> du <strong>Thread Group TG1<\/strong>, on peut voir les r\u00e9sultats progresser. Egalement, en haut \u00e0 droite, on peut voir le nombre de <strong>Thread Group<\/strong> (unit\u00e9s d&rsquo;ex\u00e9cutions) augmenter.<\/p>\n<p><img loading=\"lazy\" decoding=\"async\" src=\"\/wp-content\/images\/jmeter03-img\/16-jmeter-execution-tir-charges-palier.gif\" name=\"graphics16\" align=\"left\" border=\"1\" height=\"284\" width=\"673\" \/><br clear=\"left\" \/><\/p>\n<p>Apr\u00e8s les 500 premi\u00e8res secondes, on arrive sur le palier de 50 utilisateurs.<\/p>\n<p><img loading=\"lazy\" decoding=\"async\" src=\"\/wp-content\/images\/jmeter03-img\/17-jmeter-execution-tir-charges-palier.gif\" name=\"graphics17\" align=\"left\" border=\"1\" height=\"287\" width=\"673\" \/><br clear=\"left\" \/><\/p>\n<p>Et apr\u00e8s 500 nouvelles secondes, on d\u00e9marre la mont\u00e9e du second palier (de 50 \u00e0 100).<\/p>\n<p><img loading=\"lazy\" decoding=\"async\" src=\"\/wp-content\/images\/jmeter03-img\/18-jmeter-execution-tir-charges-palier.gif\" name=\"graphics18\" align=\"left\" border=\"1\" height=\"289\" width=\"679\" \/><br clear=\"left\" \/><\/p>\n<p>Puis on se retrouve sur le palier de 100 unit\u00e9s d&rsquo;ex\u00e9cutions.<\/p>\n<p><img loading=\"lazy\" decoding=\"async\" src=\"\/wp-content\/images\/jmeter03-img\/19-jmeter-execution-tir-charges-palier.gif\" name=\"graphics19\" align=\"left\" border=\"1\" height=\"283\" width=\"674\" \/><br clear=\"left\" \/><\/p>\n<p>Ensuite on fait une petit passe sur le palier de 50 unit\u00e9s d&rsquo;ex\u00e9cutions avant de terminer l&rsquo;ex\u00e9cution du tir de charges.<\/p>\n<p><img loading=\"lazy\" decoding=\"async\" src=\"\/wp-content\/images\/jmeter03-img\/20-jmeter-execution-tir-charges-palier.gif\" name=\"graphics20\" align=\"left\" border=\"1\" height=\"294\" width=\"678\" \/><br clear=\"left\" \/><\/p>\n<p>Et voil\u00e0, le tir de charges par palier est fini.<\/p>\n<p>Maintenant il faut <a href=\"http:\/\/blog.milamberspace.net\/index.php\/jmeter-tir-de-charges-par-paliers-et-exploitation-des-resultats\/insertion-des-resultats-dans-access-2007-et-generation-dun-graphique\">exploiter les r\u00e9sultats<\/a>.<\/p>\n","protected":false},"excerpt":{"rendered":"<p>Maintenant que le sc\u00e9nario est \u00ab\u00a0JMeteris\u00e9\u00a0\u00bb, il est temps de passer \u00e0 l&rsquo;ex\u00e9cution du tir de charges. Etape 6 : Ex\u00e9cution du tir de charges Donc maintenant, c&rsquo;est le moment de lancer le tir de charges. Une fois lanc\u00e9, en se pla\u00e7ant sur l&rsquo;item Summary Report du Thread Group TG1, on peut voir les r\u00e9sultats &hellip; <a href=\"https:\/\/blog.milamberspace.net\/index.php\/jmeter-pages\/jmeter-tir-de-charges-par-paliers-et-exploitation-des-resultats\/execution-du-tir-de-charges-par-paliers\" class=\"more-link\">Continuer la lecture de <span class=\"screen-reader-text\">Ex\u00e9cution du tir de charges par paliers<\/span><\/a><\/p>\n","protected":false},"author":1,"featured_media":0,"parent":45,"menu_order":3,"comment_status":"closed","ping_status":"closed","template":"","meta":{"footnotes":""},"class_list":["post-48","page","type-page","status-publish","hentry"],"_links":{"self":[{"href":"https:\/\/blog.milamberspace.net\/index.php\/wp-json\/wp\/v2\/pages\/48","targetHints":{"allow":["GET"]}}],"collection":[{"href":"https:\/\/blog.milamberspace.net\/index.php\/wp-json\/wp\/v2\/pages"}],"about":[{"href":"https:\/\/blog.milamberspace.net\/index.php\/wp-json\/wp\/v2\/types\/page"}],"author":[{"embeddable":true,"href":"https:\/\/blog.milamberspace.net\/index.php\/wp-json\/wp\/v2\/users\/1"}],"replies":[{"embeddable":true,"href":"https:\/\/blog.milamberspace.net\/index.php\/wp-json\/wp\/v2\/comments?post=48"}],"version-history":[{"count":1,"href":"https:\/\/blog.milamberspace.net\/index.php\/wp-json\/wp\/v2\/pages\/48\/revisions"}],"predecessor-version":[{"id":1215,"href":"https:\/\/blog.milamberspace.net\/index.php\/wp-json\/wp\/v2\/pages\/48\/revisions\/1215"}],"up":[{"embeddable":true,"href":"https:\/\/blog.milamberspace.net\/index.php\/wp-json\/wp\/v2\/pages\/45"}],"wp:attachment":[{"href":"https:\/\/blog.milamberspace.net\/index.php\/wp-json\/wp\/v2\/media?parent=48"}],"curies":[{"name":"wp","href":"https:\/\/api.w.org\/{rel}","templated":true}]}}