{"id":45,"date":"2007-11-07T00:12:11","date_gmt":"2007-11-07T00:12:11","guid":{"rendered":"http:\/\/blog.milamberspace.net\/index.php\/jmeter-tir-de-charges-par-paliers-et-exploitation-des-resultats"},"modified":"2012-09-28T07:01:36","modified_gmt":"2012-09-28T06:01:36","slug":"jmeter-tir-de-charges-par-paliers-et-exploitation-des-resultats","status":"publish","type":"page","link":"https:\/\/blog.milamberspace.net\/index.php\/jmeter-pages\/jmeter-tir-de-charges-par-paliers-et-exploitation-des-resultats","title":{"rendered":"JMeter &#8211; Tir de charge par paliers et exploitation des r\u00e9sultats"},"content":{"rendered":"<p>Dans ce tutoriel, nous allons pr\u00e9parer et ex\u00e9cuter un test de charge en deux paliers, c&rsquo;est \u00e0 dire que JMeter va simuler une charge donn\u00e9e qualifi\u00e9e de \u00ab p\u00e9riode normale \u00bb pendant un certain temps, puis il montera sur un nouveau palier avec une charge donn\u00e9e sup\u00e9rieure qualifi\u00e9e de \u00ab p\u00e9riode de stress \u00bb, enfin il redescendra au palier \u00ab p\u00e9riode normale \u00bb.<\/p>\n<p>Nous verrons ensuite comment exploiter les r\u00e9sultats enregistr\u00e9s durant le tir de charge. Pour cela nous utiliserons le logiciel Access de Microsoft pour g\u00e9n\u00e9rer un graphique des courbes de temps de r\u00e9ponses des pages.<\/p>\n<p>Voici les \u00e9tapes de ce tutoriel :<\/p>\n<ol>\n<li><a href=\"http:\/\/blog.milamberspace.net\/index.php\/jmeter-tir-de-charges-par-paliers-et-exploitation-des-resultats\/identification-scenario-et-preparation-des-paliers\">Identification sc\u00e9nario et pr\u00e9paration des paliers<\/a><\/li>\n<li><a href=\"http:\/\/blog.milamberspace.net\/index.php\/jmeter-tir-de-charges-par-paliers-et-exploitation-des-resultats\/personnalisation-enregistrement-du-scenario-et-mise-en-place-des-paliers\">Personnalisation, Enregistrement du sc\u00e9nario et mise en place des paliers<\/a><\/li>\n<li><a href=\"http:\/\/blog.milamberspace.net\/index.php\/jmeter-tir-de-charges-par-paliers-et-exploitation-des-resultats\/execution-du-tir-de-charges-par-paliers\">Ex\u00e9cution du tir de charge par paliers<\/a><\/li>\n<li><a href=\"http:\/\/blog.milamberspace.net\/index.php\/jmeter-tir-de-charges-par-paliers-et-exploitation-des-resultats\/insertion-des-resultats-dans-access-2007-et-generation-dun-graphique\">Insertion des r\u00e9sultats dans Access 2007 et g\u00e9n\u00e9ration d&rsquo;un graphique<\/a><\/li>\n<\/ol>\n<p>Bon courage dans vos aventures JMeter.<\/p>\n","protected":false},"excerpt":{"rendered":"<p>Dans ce tutoriel, nous allons pr\u00e9parer et ex\u00e9cuter un test de charge en deux paliers, c&rsquo;est \u00e0 dire que JMeter va simuler une charge donn\u00e9e qualifi\u00e9e de \u00ab p\u00e9riode normale \u00bb pendant un certain temps, puis il montera sur un nouveau palier avec une charge donn\u00e9e sup\u00e9rieure qualifi\u00e9e de \u00ab p\u00e9riode de stress \u00bb, enfin &hellip; <a href=\"https:\/\/blog.milamberspace.net\/index.php\/jmeter-pages\/jmeter-tir-de-charges-par-paliers-et-exploitation-des-resultats\" class=\"more-link\">Continuer la lecture de <span class=\"screen-reader-text\">JMeter &#8211; Tir de charge par paliers et exploitation des r\u00e9sultats<\/span><\/a><\/p>\n","protected":false},"author":1,"featured_media":0,"parent":85,"menu_order":2,"comment_status":"closed","ping_status":"closed","template":"","meta":{"footnotes":""},"class_list":["post-45","page","type-page","status-publish","hentry"],"_links":{"self":[{"href":"https:\/\/blog.milamberspace.net\/index.php\/wp-json\/wp\/v2\/pages\/45","targetHints":{"allow":["GET"]}}],"collection":[{"href":"https:\/\/blog.milamberspace.net\/index.php\/wp-json\/wp\/v2\/pages"}],"about":[{"href":"https:\/\/blog.milamberspace.net\/index.php\/wp-json\/wp\/v2\/types\/page"}],"author":[{"embeddable":true,"href":"https:\/\/blog.milamberspace.net\/index.php\/wp-json\/wp\/v2\/users\/1"}],"replies":[{"embeddable":true,"href":"https:\/\/blog.milamberspace.net\/index.php\/wp-json\/wp\/v2\/comments?post=45"}],"version-history":[{"count":4,"href":"https:\/\/blog.milamberspace.net\/index.php\/wp-json\/wp\/v2\/pages\/45\/revisions"}],"predecessor-version":[{"id":1218,"href":"https:\/\/blog.milamberspace.net\/index.php\/wp-json\/wp\/v2\/pages\/45\/revisions\/1218"}],"up":[{"embeddable":true,"href":"https:\/\/blog.milamberspace.net\/index.php\/wp-json\/wp\/v2\/pages\/85"}],"wp:attachment":[{"href":"https:\/\/blog.milamberspace.net\/index.php\/wp-json\/wp\/v2\/media?parent=45"}],"curies":[{"name":"wp","href":"https:\/\/api.w.org\/{rel}","templated":true}]}}