{"id":2,"date":"2007-09-09T23:00:41","date_gmt":"2007-09-09T23:00:41","guid":{"rendered":""},"modified":"2016-04-29T11:07:20","modified_gmt":"2016-04-29T10:07:20","slug":"a-propos","status":"publish","type":"page","link":"https:\/\/blog.milamberspace.net\/index.php\/a-propos","title":{"rendered":"A propos"},"content":{"rendered":"<p>Je suis un informaticien fran\u00e7ais r\u00e9sidant au Maroc depuis 2002, et actuellement \u00e0 T\u00e9mara (\u00e0 cot\u00e9 de Rabat), travaillant dans une soci\u00e9t\u00e9 d&rsquo;expertises et de conseils technologiques, en tant qu&rsquo;associ\u00e9, expert et auditeur technique senior. Je participe \u00e0 de nombreuses missions autour de mes domaines de comp\u00e9tences dans diff\u00e9rents pays.<\/p>\n<p>Depuis d\u00e9cembre 2003, j&rsquo;utilise Apache <a href=\"http:\/\/jmeter.apache.org\/\">JMeter<\/a> pour effectuer des tests de charge dans diverses missions et\/ou formations, d&rsquo;o\u00f9 les diff\u00e9rentes <a href=\"http:\/\/blog.milamberspace.net\/index.php\/jmeter-pages\">pages<\/a> sur JMeter que vous trouverez sur ce blog. Je participe autant que possible au projet JMeter sur mon temps libre, notamment sur la traduction en fran\u00e7ais de l&rsquo;interface graphique, des corrections d&rsquo;anomalies ainsi que des \u00e9volutions (proxy https, nouvel arbre de r\u00e9sultats, barre d&rsquo;ic\u00f4nes, etc). Depuis l&rsquo;\u00e9t\u00e9 2010, je suis devenu &lsquo;<a href=\"http:\/\/www.apache.org\/foundation\/how-it-works.html#roles\">committer<\/a>&lsquo; \u00e0 la <a href=\"http:\/\/www.apache.org\/foundation\/how-it-works.html#what\">fondation Apache (ASF)<\/a>, sur le projet <a href=\"http:\/\/jmeter.apache.org\/\">JMeter<\/a>. Puis en janvier 2011, je suis pass\u00e9 <a href=\"http:\/\/www.apache.org\/foundation\/how-it-works.html#pmc-members\">membre du PMC<\/a> (Project Management Committee) JMeter.<\/p>\n<p>Je participe \u00e9galement depuis d\u00e9but 2013,\u00a0en tant que <a href=\"http:\/\/www.apache.org\/foundation\/how-it-works.html#roles\">Committer<\/a>, puis membre du <a href=\"http:\/\/www.apache.org\/foundation\/how-it-works.html#pmc-members\">PMC<\/a>, au projet <a href=\"http:\/\/cloudstack.apache.org\">Apache CloudStack<\/a>, entre autres sur la partie Localisation de l&rsquo;interface Web, et sur la partie KVM \/ CLVM.<\/p>\n<p>J&rsquo;ai \u00e9galement \u00e9t\u00e9 \u00e9lu <a href=\"http:\/\/www.apache.org\/foundation\/how-it-works.html#roles\">ASF member<\/a> en mars 2015.<\/p>\n<p>Mes domaines de comp\u00e9tences sont :<\/p>\n<ul>\n<li>Les performances \u00e0 travers des missions de tests de charges ou bien d&rsquo;audits orient\u00e9s performances<\/li>\n<li>La dectection de probl\u00e8mes (troubleshooting) sur des solutions applicatives et techniques complexes<\/li>\n<li>La d\u00e9finition et la conception d&rsquo;architectures techniques complexes orient\u00e9es web pour les syst\u00e8mes d&rsquo;informations de moyenne et\/ou grande dimension.<\/li>\n<li>La mise en oeuvre de serveurs Linux (CentOS\/Redhat et Debian\/Ubuntu) dans des environnements complexes. Je suis certifi\u00e9 Linux <a href=\"http:\/\/blog.milamberspace.net\/index.php\/2010\/04\/04\/certification-lpic-1-ca-y-est-je-suis-un-junior-level-linux-professional-641.html\">LPIC-1<\/a>.<\/li>\n<li>La mise en oeuvre de serveurs d&rsquo;applications J2EE, notamment WebSphere Application Server (Base, ND, XD) &#8211; Certifi\u00e9 <a title=\"Certification IBM WebSphere Application Server Network Deployement V8.0 r\u00e9ussie\" href=\"http:\/\/blog.milamberspace.net\/index.php\/2012\/11\/21\/certification-ibm-websephre-application-server-network-deployement-v8-0-reussie-1253.html\">WAS<\/a> Admin et Dev, JBoss EAP\/AS (Cluster) et Tomcat (administration avanc\u00e9e et cluster)<\/li>\n<li>L&rsquo;installation, la gestion et la mise en place d&rsquo;infrastructures de type Cloud Computing avec <a href=\"http:\/\/cloudstack.apache.org\/\">Apache CloudStack<\/a>, mais \u00e9galement avec <a href=\"http:\/\/aws.amazon.com\/\">Amazon AWS<\/a> (EC2, VPC, RDS, etc.) ou toute autre plate-forme IaaS. J&rsquo;utilise <a href=\"https:\/\/www.ansible.com\/\">Ansible<\/a> pour industrialiser tout cela.<\/li>\n<li>La s\u00e9curit\u00e9 informatique, en termes de s\u00e9curisation d&rsquo;environnements, d&rsquo;audits de s\u00e9curit\u00e9 (applicatif, environnement) et de tests d&rsquo;intrusion.<\/li>\n<li>De part mon exp\u00e9rience, je r\u00e9alise de nombreux audits (tant technique qu&rsquo;organisationnel) sur les syst\u00e8mes d&rsquo;informations selon les angles performances, s\u00e9curit\u00e9 et des bonnes pratiques. Je suis certifi\u00e9 <a href=\"http:\/\/www.isaca.org\/Certification\/CISA-Certified-Information-Systems-Auditor\/Pages\/default.aspx\">CISA<\/a> (Certified Information Systems Auditor &#8211; Auditeur certifi\u00e9 en syst\u00e8mes d&rsquo;information) par l&rsquo;<a href=\"http:\/\/www.isaca.org\/\">ISACA.<\/a><\/li>\n<\/ul>\n<p>Depuis d\u00e9but 2008, mon poste de travail est enti\u00e8rement sous GNU\/Linux avec une distribution Ubuntu puis <a href=\"http:\/\/blog.milamberspace.net\/index.php\/2010\/10\/10\/sortie-de-ubuntu-10-10-et-basculement-vers-debian-squeeze-6-0-762.html\">\u00e0 partir de fin 2010, une Debian<\/a>. Bien que j&rsquo;utilise des serveurs Linux depuis fin 1995 (kernel 1.2.3), je n&rsquo;avais jamais franchi d\u00e9finitivement la barri\u00e8re &lsquo;windows&rsquo; pour mon poste de travail avant. J&rsquo;en suis tr\u00e8s satisfait. En particulier avec Gnome 3, qui m\u00eame si il n&rsquo;est pas parfait, offre une fa\u00e7on de travailler novatrice par rapport \u00e0 d&rsquo;autres environnements.<\/p>\n<p>Pour ma vie de \u00ab\u00a0connect\u00e9\u00a0\u00bb, j&rsquo;ai commenc\u00e9 en 1994 par les <a title=\"BBS sur Wikip\u00e9dia\" href=\"http:\/\/fr.wikipedia.org\/wiki\/Bulletin_Board_System\" target=\"_blank\">BBS<\/a> (bulletin board system) en particulier sur le r\u00e9seau <a href=\"http:\/\/fr.wikipedia.org\/wiki\/Fidonet\">Fidonet<\/a> \u00e0 l&rsquo;\u00e9poque, puis je suis pass\u00e9 sur l&rsquo;Internet (1995) avec le bon vieux navigateur <a href=\"http:\/\/fr.wikipedia.org\/wiki\/Netscape_Navigator\">Netscape Navigator<\/a> et le logiciel de messagerie <a href=\"http:\/\/en.wikipedia.org\/wiki\/Eudora_%28e-mail_client%29\">Eudora<\/a>. Depuis, j&rsquo;ai toujours travaill\u00e9 dans le domaine des technologies web et autour du protocole &lsquo;Internet&rsquo; (i.e. TCP\/IP).<\/p>\n<p>Contact : milamberspace (arobase) gmail.com <em><strong>(Ne pas m&rsquo;envoyer directement des questions sur vos probl\u00e9matiques JMeter, utilisez plut\u00f4t le<a href=\"http:\/\/groups.google.com\/group\/jmeter-fr\"> Groupe de discussion JMeter en fran\u00e7ais<\/a>, auquel je participe)<\/strong><\/em><\/p>\n<p>Apache : milamber (arobase) apache.org<\/p>\n<p>Linux : milamber (arobase) linux.com<\/p>\n<p>Page <a href=\"http:\/\/people.apache.org\/~milamber\/\">Milamber @ Apache<\/a><\/p>\n","protected":false},"excerpt":{"rendered":"<p>Je suis un informaticien fran\u00e7ais r\u00e9sidant au Maroc depuis 2002, et actuellement \u00e0 T\u00e9mara (\u00e0 cot\u00e9 de Rabat), travaillant dans une soci\u00e9t\u00e9 d&rsquo;expertises et de conseils technologiques, en tant qu&rsquo;associ\u00e9, expert et auditeur technique senior. Je participe \u00e0 de nombreuses missions autour de mes domaines de comp\u00e9tences dans diff\u00e9rents pays. Depuis d\u00e9cembre 2003, j&rsquo;utilise Apache &hellip; <a href=\"https:\/\/blog.milamberspace.net\/index.php\/a-propos\" class=\"more-link\">Continuer la lecture de <span class=\"screen-reader-text\">A propos<\/span><\/a><\/p>\n","protected":false},"author":1,"featured_media":0,"parent":0,"menu_order":0,"comment_status":"closed","ping_status":"closed","template":"","meta":{"footnotes":""},"class_list":["post-2","page","type-page","status-publish","hentry"],"_links":{"self":[{"href":"https:\/\/blog.milamberspace.net\/index.php\/wp-json\/wp\/v2\/pages\/2","targetHints":{"allow":["GET"]}}],"collection":[{"href":"https:\/\/blog.milamberspace.net\/index.php\/wp-json\/wp\/v2\/pages"}],"about":[{"href":"https:\/\/blog.milamberspace.net\/index.php\/wp-json\/wp\/v2\/types\/page"}],"author":[{"embeddable":true,"href":"https:\/\/blog.milamberspace.net\/index.php\/wp-json\/wp\/v2\/users\/1"}],"replies":[{"embeddable":true,"href":"https:\/\/blog.milamberspace.net\/index.php\/wp-json\/wp\/v2\/comments?post=2"}],"version-history":[{"count":39,"href":"https:\/\/blog.milamberspace.net\/index.php\/wp-json\/wp\/v2\/pages\/2\/revisions"}],"predecessor-version":[{"id":1475,"href":"https:\/\/blog.milamberspace.net\/index.php\/wp-json\/wp\/v2\/pages\/2\/revisions\/1475"}],"wp:attachment":[{"href":"https:\/\/blog.milamberspace.net\/index.php\/wp-json\/wp\/v2\/media?parent=2"}],"curies":[{"name":"wp","href":"https:\/\/api.w.org\/{rel}","templated":true}]}}