{"id":1035,"date":"2012-01-04T21:43:29","date_gmt":"2012-01-04T21:43:29","guid":{"rendered":"http:\/\/blog.milamberspace.net\/?page_id=1035"},"modified":"2017-06-19T09:41:02","modified_gmt":"2017-06-19T09:41:02","slug":"liens-jmeter","status":"publish","type":"page","link":"https:\/\/blog.milamberspace.net\/index.php\/liens-jmeter","title":{"rendered":"Liens JMeter"},"content":{"rendered":"<p>Cette page tente de recenser d&rsquo;autres articles ou tutoriels <strong>en fran\u00e7ais<\/strong> sur JMeter.<\/p>\n<p>N&rsquo;h\u00e9sitez pas \u00e0 m&rsquo;envoyer les liens vers vos articles sur JMeter afin d&rsquo;enrichir cette liste.<\/p>\n<ul>\n<li><a href=\"http:\/\/arodrigues.developpez.com\/tutoriels\/java\/performance\/audit-performances-application-java-ee\/\">Tutoriel sur l\u2019audit de performances d\u2019une application en Java EE<\/a>. <em>Auteur : Antonio Gomes-Rodrigues, 01\/10\/2009<\/em><\/li>\n<li><a href=\"http:\/\/www.webozor.com\/jmeter\/jmeter-environnements-et-variables-pre-definies\">JMeter, environnements et variables pr\u00e9-d\u00e9finies<\/a>, ou comment utiliser des variables JMeter en fonction de son environnement de travail.<em> Auteur : Hug, 12\/07\/2010<\/em><\/li>\n<li><a href=\"http:\/\/arodrigues.developpez.com\/tutoriels\/java\/performance\/plan-test-realiste\/\">Cr\u00e9er des plans de tests de charge r\u00e9alistes<\/a>. <em>Auteur : Antonio Gomes-Rodrigues, 04\/03\/2011<\/em><\/li>\n<li><a href=\"http:\/\/arodrigues.developpez.com\/tutoriels\/java\/performance\/developper-plan-test-avec-jmeter\/\">D\u00e9velopper un plan de test avec JMeter<\/a>. <em>Auteur : Antonio Gomes-Rodrigues, 30\/03\/2011<\/em><\/li>\n<li><a href=\"http:\/\/blog.tduchateau.fr\/2011\/12\/18\/generer-une-source-de-donnees-csv-au-lancement-dun-test-jmeter\/\">Comment g\u00e9n\u00e9rer au lancement de JMeter un fichier qui servira de source de donn\u00e9es CSV<\/a> dans un test. La recette est \u00e0 base de Groupes d&rsquo;unit\u00e9s de d\u00e9but et de BeanShell. <em>Auteur : Thibault Duchateau, 18\/12\/2011<\/em><\/li>\n<li>L&rsquo;<a href=\"http:\/\/blog.aliecom.com\/presentation-de-loutil-apache-jmeter-partie-1\/\">utilisation de JMeter pour r\u00e9aliser un test d&rsquo;une application JSF<\/a>, avec la particularit\u00e9 du suivi utilisant le fameux VIEWSTATE. <em>Auteur : Antonio Gomes-Rodrigues, 20\/12\/2011<\/em><\/li>\n<li><a href=\"http:\/\/www.ubik-ingenierie.com\/ubikwiki\/index.php?title=JMeter_Switch_Controller_ou_comment_contr\u00f4ler_les_pourcentages_d'\u00e9chantillons\">JMeter Switch Controller ou comment contr\u00f4ler les pourcentages d&rsquo;\u00e9chantillons<\/a>. <em>Auteur : Philippe Mouawad, 04\/01\/2012<\/em><\/li>\n<li><a href=\"http:\/\/javaetmoi.com\/2012\/05\/generer-tests-jmeter-selenium\/\">G\u00e9n\u00e9rer des tests JMeter \u00e0 partir de Selenium<\/a>, <em>Auteur : Antoine, blog Java et moi, 26\/05\/2012<\/em><\/li>\n<li><a href=\"http:\/\/blog.aliecom.com\/presentation-de-loutil-apache-jmeter-partie-2\/\">Pr\u00e9sentation de l\u2019outil Apache JMeter \u2013 partie 2<\/a>. Suite du <a href=\"http:\/\/blog.aliecom.com\/presentation-de-loutil-apache-jmeter-partie-1\/\">premier billet <\/a>depuis le Blog Aliecom par<em> Antonio Gomes-Rodrigues, 01\/06\/2012<\/em><\/li>\n<li><a href=\"https:\/\/github.com\/aliesbelik\/awesome-jmeter\/\">Projet awesome-jmeter sur GitHub<\/a>. Plein de ressources utiles sur JMeter, <em>19\/06\/2017<\/em><\/li>\n<\/ul>\n<p>&nbsp;<\/p>\n<p>&nbsp;<\/p>\n","protected":false},"excerpt":{"rendered":"<p>Cette page tente de recenser d&rsquo;autres articles ou tutoriels en fran\u00e7ais sur JMeter. N&rsquo;h\u00e9sitez pas \u00e0 m&rsquo;envoyer les liens vers vos articles sur JMeter afin d&rsquo;enrichir cette liste. Tutoriel sur l\u2019audit de performances d\u2019une application en Java EE. Auteur : Antonio Gomes-Rodrigues, 01\/10\/2009 JMeter, environnements et variables pr\u00e9-d\u00e9finies, ou comment utiliser des variables JMeter en &hellip; <a href=\"https:\/\/blog.milamberspace.net\/index.php\/liens-jmeter\" class=\"more-link\">Continuer la lecture de <span class=\"screen-reader-text\">Liens JMeter<\/span><\/a><\/p>\n","protected":false},"author":1,"featured_media":0,"parent":0,"menu_order":5,"comment_status":"closed","ping_status":"closed","template":"","meta":{"footnotes":""},"class_list":["post-1035","page","type-page","status-publish","hentry"],"_links":{"self":[{"href":"https:\/\/blog.milamberspace.net\/index.php\/wp-json\/wp\/v2\/pages\/1035","targetHints":{"allow":["GET"]}}],"collection":[{"href":"https:\/\/blog.milamberspace.net\/index.php\/wp-json\/wp\/v2\/pages"}],"about":[{"href":"https:\/\/blog.milamberspace.net\/index.php\/wp-json\/wp\/v2\/types\/page"}],"author":[{"embeddable":true,"href":"https:\/\/blog.milamberspace.net\/index.php\/wp-json\/wp\/v2\/users\/1"}],"replies":[{"embeddable":true,"href":"https:\/\/blog.milamberspace.net\/index.php\/wp-json\/wp\/v2\/comments?post=1035"}],"version-history":[{"count":13,"href":"https:\/\/blog.milamberspace.net\/index.php\/wp-json\/wp\/v2\/pages\/1035\/revisions"}],"predecessor-version":[{"id":1514,"href":"https:\/\/blog.milamberspace.net\/index.php\/wp-json\/wp\/v2\/pages\/1035\/revisions\/1514"}],"wp:attachment":[{"href":"https:\/\/blog.milamberspace.net\/index.php\/wp-json\/wp\/v2\/media?parent=1035"}],"curies":[{"name":"wp","href":"https:\/\/api.w.org\/{rel}","templated":true}]}}